{"id":484,"date":"2020-11-17T03:53:22","date_gmt":"2020-11-17T03:53:22","guid":{"rendered":"https:\/\/stscloud.com.gt\/store\/?post_type=product&#038;p=484"},"modified":"2021-06-10T16:47:52","modified_gmt":"2021-06-10T22:47:52","slug":"empresa-e-cloud","status":"publish","type":"product","link":"https:\/\/stscloud.com.gt\/store\/producto\/empresa-e-cloud\/","title":{"rendered":"EMPRESA-E CLOUD"},"content":{"rendered":"<div class=\"propertyEditor\">\n<div class=\"propertyLabel\">Cuota de espacio en disco 12000 (MB) .<\/div>\n<\/div>\n<div class=\"propertyEditor\">\n<div class=\"propertyLabel\">L\u00edmite de ancho de banda mensual 60000 (MB).<\/div>\n<\/div>\n<div class=\"propertyEditor\">\n<div class=\"propertyLabel\">Cuentas FTP\u00a0 15.<\/div>\n<\/div>\n<div class=\"propertyEditor\">\n<div class=\"propertyLabel\">Cuentas de correo electr\u00f3nico 30.<\/div>\n<\/div>\n<div class=\"propertyEditor\">\n<div class=\"propertyLabel\">Cuota m\u00e1xima por direcci\u00f3n de correo electr\u00f3nico 1024 (MB).<\/div>\n<\/div>\n<div class=\"propertyEditor\">\n<div class=\"propertyLabel\">Listas de correo m\u00e1ximo 50.<\/div>\n<\/div>\n<div class=\"propertyEditor\">\n<div class=\"propertyLabel\">Bases de datos SQL\u00a0 15.<\/div>\n<\/div>\n<div class=\"propertyEditor\">\n<div class=\"propertyLabel\">Subdominios 30.<\/div>\n<\/div>\n<div class=\"propertyEditor\">\n<div class=\"propertyLabel\">Dominios aparcados 10.<\/div>\n<\/div>\n<div class=\"propertyEditor\">\n<div class=\"propertyLabel\">Dominios complementarios 50.<\/div>\n<\/div>\n<div class=\"propertyEditor\">\n<div class=\"propertyLabel\">Correo electr\u00f3nico m\u00e1ximo por hora por dominio retransmitido 1200<\/div>\n<\/div>\n<div class=\"propertyEditor last\">\n<div class=\"propertyLabel\">Porcentaje m\u00e1ximo de mensajes fallidos o diferidos que un dominio puede enviar por hora 20%<\/div>\n<\/div>\n","protected":false},"excerpt":{"rendered":"<ul>\n<li>Disponibilidad<\/li>\n<li>Seguridad<\/li>\n<li>certificaci\u00f3n de ISO 27001, ISO 27018<\/li>\n<li>Tecnolog\u00eda de la ultima generaci\u00f3n<\/li>\n<li>Soporte 24 horas por medio de ticket<\/li>\n<li><a href=\"https:\/\/www.softaculous.com\/software\/\">ver lista<\/a> de aplicaciones listas para instalarse<\/li>\n<li>Copia de seguridad semanal<\/li>\n<\/ul>\n","protected":false},"featured_media":480,"template":"","meta":[],"product_brand":[],"product_cat":[39],"product_tag":[44,45,43],"class_list":{"0":"post-484","1":"product","2":"type-product","3":"status-publish","4":"has-post-thumbnail","6":"product_cat-espacios-para-empresas","7":"product_tag-cloud","8":"product_tag-hosting","9":"product_tag-nube","11":"first","12":"instock","13":"shipping-taxable","14":"purchasable","15":"product-type-variable","16":"has-default-attributes"},"jetpack_sharing_enabled":true,"_links":{"self":[{"href":"https:\/\/stscloud.com.gt\/store\/wp-json\/wp\/v2\/product\/484","targetHints":{"allow":["GET"]}}],"collection":[{"href":"https:\/\/stscloud.com.gt\/store\/wp-json\/wp\/v2\/product"}],"about":[{"href":"https:\/\/stscloud.com.gt\/store\/wp-json\/wp\/v2\/types\/product"}],"version-history":[{"count":0,"href":"https:\/\/stscloud.com.gt\/store\/wp-json\/wp\/v2\/product\/484\/revisions"}],"wp:featuredmedia":[{"embeddable":true,"href":"https:\/\/stscloud.com.gt\/store\/wp-json\/wp\/v2\/media\/480"}],"wp:attachment":[{"href":"https:\/\/stscloud.com.gt\/store\/wp-json\/wp\/v2\/media?parent=484"}],"wp:term":[{"taxonomy":"product_brand","embeddable":true,"href":"https:\/\/stscloud.com.gt\/store\/wp-json\/wp\/v2\/product_brand?post=484"},{"taxonomy":"product_cat","embeddable":true,"href":"https:\/\/stscloud.com.gt\/store\/wp-json\/wp\/v2\/product_cat?post=484"},{"taxonomy":"product_tag","embeddable":true,"href":"https:\/\/stscloud.com.gt\/store\/wp-json\/wp\/v2\/product_tag?post=484"}],"curies":[{"name":"wp","href":"https:\/\/api.w.org\/{rel}","templated":true}]}}