{"id":457,"date":"2020-11-11T05:08:37","date_gmt":"2020-11-11T05:08:37","guid":{"rendered":"https:\/\/stscloud.com.gt\/store\/?post_type=product&#038;p=457"},"modified":"2021-04-15T05:57:12","modified_gmt":"2021-04-15T05:57:12","slug":"enterprise-platform","status":"publish","type":"product","link":"https:\/\/stscloud.com.gt\/store\/producto\/enterprise-platform\/","title":{"rendered":"ENTERPRISE PLATFORM"},"content":{"rendered":"<h5 class=\"elementor-price-table__feature-inner\"><i class=\"far fa-check-circle\" aria-hidden=\"true\"><\/i>\u00a0Dominio por 1 a\u00f1o<\/h5>\n<h5 class=\"elementor-price-table__feature-inner\"><i class=\"far fa-check-circle\" aria-hidden=\"true\"><\/i>\u00a0Certificados de seguridad (Https)<\/h5>\n<h5 class=\"elementor-price-table__feature-inner\"><i class=\"far fa-check-circle\" aria-hidden=\"true\"><\/i>\u00a0Dise\u00f1o a la medida<\/h5>\n<h5 class=\"elementor-price-table__feature-inner\"><i class=\"far fa-check-circle\" aria-hidden=\"true\"><\/i>\u00a0Usuarios limitados por espacio (400 recomendados)<\/h5>\n<h5 class=\"elementor-price-table__feature-inner\"><i class=\"far fa-check-circle\" aria-hidden=\"true\"><\/i>\u00a0Espacio en la nube (12 GB) 1 a\u00f1o<\/h5>\n<h5 class=\"elementor-price-table__feature-inner\"><i class=\"far fa-check-circle\" aria-hidden=\"true\"><\/i>\u00a0Transferencia mensual de 60000 MB<\/h5>\n<h5 class=\"elementor-price-table__feature-inner\"><i class=\"far fa-check-circle\" aria-hidden=\"true\"><\/i>\u00a0Capacitaci\u00f3n 4 fases<\/h5>\n<h5 class=\"elementor-price-table__feature-inner\"><i class=\"far fa-check-circle\" aria-hidden=\"true\"><\/i>\u00a0Tiempo entrega 30 d\u00edas h\u00e1biles<\/h5>\n<h5 class=\"elementor-price-table__feature-inner\"><i class=\"far fa-check-circle\" aria-hidden=\"true\"><\/i>\u00a0Capacitaci\u00f3n<\/h5>\n<h5 class=\"elementor-price-table__feature-inner\"><i class=\"far fa-check-circle\" aria-hidden=\"true\"><\/i>\u00a0Integraci\u00f3n para conferencias (Zoom Meeting, Google Meets o Microsoft Teams)<\/h5>\n<h5 class=\"elementor-price-table__feature-inner\"><i class=\"far fa-check-circle\" aria-hidden=\"true\"><\/i>\u00a0Asesor\u00eda pedag\u00f3gica para el uso de la plataforma a t\u00fa personal docente.<\/h5>\n","protected":false},"excerpt":{"rendered":"<section class=\"elementor-section elementor-top-section elementor-element elementor-element-15ecce7 elementor-section-boxed elementor-section-height-default elementor-section-height-default\" data-id=\"15ecce7\" data-element_type=\"section\">\n<div class=\"elementor-container elementor-column-gap-default\">\n<div class=\"elementor-row\">\n<div class=\"elementor-column elementor-col-100 elementor-top-column elementor-element elementor-element-f0216ba\" data-id=\"f0216ba\" data-element_type=\"column\">\n<div class=\"elementor-column-wrap elementor-element-populated\">\n<div class=\"elementor-widget-wrap\">\n<div class=\"elementor-element elementor-element-9cd3b6e elementor-widget elementor-widget-heading\" data-id=\"9cd3b6e\" data-element_type=\"widget\" data-widget_type=\"heading.default\">\n<div class=\"elementor-widget-container\">\n<h5 class=\"elementor-heading-title elementor-size-default\">Plataformas Educativas<\/h5>\n<\/div>\n<\/div>\n<\/div>\n<\/div>\n<\/div>\n<\/div>\n<\/div>\n<\/section>\n<section class=\"elementor-section elementor-top-section elementor-element elementor-element-50f7d9e elementor-section-boxed elementor-section-height-default elementor-section-height-default\" data-id=\"50f7d9e\" data-element_type=\"section\">\n<div class=\"elementor-container elementor-column-gap-default\">\n<div class=\"elementor-row\">\n<div class=\"elementor-column elementor-col-100 elementor-top-column elementor-element elementor-element-5f1be3d\" data-id=\"5f1be3d\" data-element_type=\"column\">\n<div class=\"elementor-column-wrap elementor-element-populated\">\n<div class=\"elementor-widget-wrap\">\n<div class=\"elementor-element elementor-element-1e36aa2 elementor-widget elementor-widget-heading\" data-id=\"1e36aa2\" data-element_type=\"widget\" data-widget_type=\"heading.default\">\n<div class=\"elementor-widget-container\">\n<h5 class=\"elementor-heading-title elementor-size-default\">Los m\u00e9todos de ense\u00f1anza se han actualizado<br \/>\ncon la tecnolog\u00eda.<\/h5>\n<\/div>\n<\/div>\n<\/div>\n<\/div>\n<\/div>\n<\/div>\n<\/div>\n<\/section>\n","protected":false},"featured_media":318,"template":"","meta":[],"product_brand":[],"product_cat":[38],"product_tag":[],"class_list":{"0":"post-457","1":"product","2":"type-product","3":"status-publish","4":"has-post-thumbnail","6":"product_cat-educativas","8":"first","9":"instock","10":"shipping-taxable","11":"purchasable","12":"product-type-variable"},"jetpack_sharing_enabled":true,"_links":{"self":[{"href":"https:\/\/stscloud.com.gt\/store\/wp-json\/wp\/v2\/product\/457","targetHints":{"allow":["GET"]}}],"collection":[{"href":"https:\/\/stscloud.com.gt\/store\/wp-json\/wp\/v2\/product"}],"about":[{"href":"https:\/\/stscloud.com.gt\/store\/wp-json\/wp\/v2\/types\/product"}],"version-history":[{"count":0,"href":"https:\/\/stscloud.com.gt\/store\/wp-json\/wp\/v2\/product\/457\/revisions"}],"wp:featuredmedia":[{"embeddable":true,"href":"https:\/\/stscloud.com.gt\/store\/wp-json\/wp\/v2\/media\/318"}],"wp:attachment":[{"href":"https:\/\/stscloud.com.gt\/store\/wp-json\/wp\/v2\/media?parent=457"}],"wp:term":[{"taxonomy":"product_brand","embeddable":true,"href":"https:\/\/stscloud.com.gt\/store\/wp-json\/wp\/v2\/product_brand?post=457"},{"taxonomy":"product_cat","embeddable":true,"href":"https:\/\/stscloud.com.gt\/store\/wp-json\/wp\/v2\/product_cat?post=457"},{"taxonomy":"product_tag","embeddable":true,"href":"https:\/\/stscloud.com.gt\/store\/wp-json\/wp\/v2\/product_tag?post=457"}],"curies":[{"name":"wp","href":"https:\/\/api.w.org\/{rel}","templated":true}]}}