{"id":1510,"date":"2024-11-13T09:06:33","date_gmt":"2024-11-13T15:06:33","guid":{"rendered":"https:\/\/stscloud.com.gt\/store\/?post_type=product&#038;p=1510"},"modified":"2025-01-24T13:14:42","modified_gmt":"2025-01-24T19:14:42","slug":"curso-nube","status":"publish","type":"product","link":"https:\/\/stscloud.com.gt\/store\/producto\/curso-nube\/","title":{"rendered":"Curso La Nube Transformando Tu Futuro Digital"},"content":{"rendered":"\t\t<div data-elementor-type=\"product-post\" data-elementor-id=\"1510\" class=\"elementor elementor-1510\" data-elementor-post-type=\"product\">\n\t\t\t\t\t\t<section class=\"elementor-section elementor-top-section elementor-element elementor-element-2253dc66 elementor-section-height-min-height elementor-section-full_width elementor-section-items-stretch elementor-reverse-tablet elementor-reverse-mobile elementor-section-height-default\" data-id=\"2253dc66\" data-element_type=\"section\" data-settings=\"{&quot;background_background&quot;:&quot;video&quot;,&quot;background_video_link&quot;:&quot;https:\\\/\\\/www.youtube.com\\\/watch?v=pWZ0TkNsC-Y&quot;,&quot;background_video_start&quot;:15}\">\n\t\t\t\t\t\t\t\t<div class=\"elementor-background-video-container elementor-hidden-mobile\">\n\t\t\t\t\t\t\t\t\t\t\t\t\t<div class=\"elementor-background-video-embed\"><\/div>\n\t\t\t\t\t\t\t\t\t\t\t\t<\/div>\n\t\t\t\t\t\t\t\t\t<div class=\"elementor-background-overlay\"><\/div>\n\t\t\t\t\t\t\t<div class=\"elementor-container elementor-column-gap-no\">\n\t\t\t\t\t<div class=\"elementor-column elementor-col-50 elementor-top-column elementor-element elementor-element-7ff16cd3\" data-id=\"7ff16cd3\" data-element_type=\"column\" data-settings=\"{&quot;background_background&quot;:&quot;classic&quot;}\">\n\t\t\t<div class=\"elementor-widget-wrap elementor-element-populated\">\n\t\t\t\t\t\t<section class=\"elementor-section elementor-inner-section elementor-element elementor-element-5c745062 elementor-section-full_width elementor-section-height-default elementor-section-height-default\" data-id=\"5c745062\" data-element_type=\"section\">\n\t\t\t\t\t\t<div class=\"elementor-container elementor-column-gap-default\">\n\t\t\t\t\t<div class=\"elementor-column elementor-col-100 elementor-inner-column elementor-element elementor-element-1c74d3c8\" data-id=\"1c74d3c8\" data-element_type=\"column\">\n\t\t\t<div class=\"elementor-widget-wrap elementor-element-populated\">\n\t\t\t\t\t\t<div class=\"elementor-element elementor-element-6a3d0dbc elementor-widget elementor-widget-heading\" data-id=\"6a3d0dbc\" data-element_type=\"widget\" data-widget_type=\"heading.default\">\n\t\t\t\t<div class=\"elementor-widget-container\">\n\t\t\t\t\t<h3 class=\"elementor-heading-title elementor-size-default\">INGENIERO CARLOS ARIAS<\/h3>\t\t\t\t<\/div>\n\t\t\t\t<\/div>\n\t\t\t\t<div class=\"elementor-element elementor-element-21fc831a elementor-widget elementor-widget-image\" data-id=\"21fc831a\" data-element_type=\"widget\" data-widget_type=\"image.default\">\n\t\t\t\t<div class=\"elementor-widget-container\">\n\t\t\t\t\t\t\t\t\t\t\t\t\t\t\t<img fetchpriority=\"high\" decoding=\"async\" width=\"525\" height=\"156\" src=\"https:\/\/stscloud.com.gt\/store\/wp-content\/uploads\/2021\/06\/signature-dark.png\" class=\"attachment-large size-large wp-image-740\" alt=\"\" srcset=\"https:\/\/stscloud.com.gt\/store\/wp-content\/uploads\/2021\/06\/signature-dark.png 800w, https:\/\/stscloud.com.gt\/store\/wp-content\/uploads\/2021\/06\/signature-dark-300x89.png 300w, https:\/\/stscloud.com.gt\/store\/wp-content\/uploads\/2021\/06\/signature-dark-768x228.png 768w, https:\/\/stscloud.com.gt\/store\/wp-content\/uploads\/2021\/06\/signature-dark-600x179.png 600w\" sizes=\"100vw\" \/>\t\t\t\t\t\t\t\t\t\t\t\t\t\t\t<\/div>\n\t\t\t\t<\/div>\n\t\t\t\t<div class=\"elementor-element elementor-element-764e2956 elementor-widget elementor-widget-heading\" data-id=\"764e2956\" data-element_type=\"widget\" data-widget_type=\"heading.default\">\n\t\t\t\t<div class=\"elementor-widget-container\">\n\t\t\t\t\t<h1 class=\"elementor-heading-title elementor-size-default\"><font color=\"#333333\" face=\"Libre Franklin, Helvetica Neue, helvetica, arial, sans-serif\"><span style=\"font-weight: 300; letter-spacing: normal; text-transform: none; white-space-collapse: collapse;\">La Nube Transformando Tu Futuro Digital<\/span><\/font><\/h1>\t\t\t\t<\/div>\n\t\t\t\t<\/div>\n\t\t\t\t\t<\/div>\n\t\t<\/div>\n\t\t\t\t\t<\/div>\n\t\t<\/section>\n\t\t\t\t<div class=\"elementor-element elementor-element-6f207ffd elementor-widget elementor-widget-spacer\" data-id=\"6f207ffd\" data-element_type=\"widget\" data-widget_type=\"spacer.default\">\n\t\t\t\t<div class=\"elementor-widget-container\">\n\t\t\t\t\t\t\t<div class=\"elementor-spacer\">\n\t\t\t<div class=\"elementor-spacer-inner\"><\/div>\n\t\t<\/div>\n\t\t\t\t\t\t<\/div>\n\t\t\t\t<\/div>\n\t\t\t\t<section class=\"elementor-section elementor-inner-section elementor-element elementor-element-14fdcc1f elementor-section-full_width elementor-section-height-default elementor-section-height-default\" data-id=\"14fdcc1f\" data-element_type=\"section\" data-settings=\"{&quot;background_background&quot;:&quot;classic&quot;}\">\n\t\t\t\t\t\t<div class=\"elementor-container elementor-column-gap-default\">\n\t\t\t\t\t<div class=\"elementor-column elementor-col-100 elementor-inner-column elementor-element elementor-element-4097d2f9\" data-id=\"4097d2f9\" data-element_type=\"column\">\n\t\t\t<div class=\"elementor-widget-wrap elementor-element-populated\">\n\t\t\t\t\t\t<div class=\"elementor-element elementor-element-78225ea6 elementor-widget elementor-widget-text-editor\" data-id=\"78225ea6\" data-element_type=\"widget\" data-widget_type=\"text-editor.default\">\n\t\t\t\t<div class=\"elementor-widget-container\">\n\t\t\t\t\t\t\t\t\t<p>\ud83d\udce2 \u00bfTe interesa entender qu\u00e9 es la nube y c\u00f3mo puede revolucionar tu vida o negocio?<\/p><p>Te invitamos a nuestro Curso de Introducci\u00f3n a la Nube: Transformando tu Futuro Digital.<\/p><p>\ud83d\uddd3\ufe0f Fecha: Jueves 6 de febrero<br \/>\u23f0 Hora: 19:00 horas<br \/>\ud83d\udcbb Modalidad: En l\u00ednea (Meet)<br \/>\ud83d\udcb5 Costo: $12.00<\/p><p>\ud83c\udf81 \u00a1Adem\u00e1s! Regalaremos una entrada para el congreso I&amp;T 2025 en el Hotel Westin Camino Real, de 8:00 a 18:00.<\/p><p>\ud83d\udcf2 Para m\u00e1s informaci\u00f3n, cont\u00e1ctanos:<br \/>\ud83d\udcde 5201-7922 \/ 5206-9935<\/p><p>\u00a1Reserva tu lugar ahora! \ud83d\ude80<\/p>\t\t\t\t\t\t\t\t<\/div>\n\t\t\t\t<\/div>\n\t\t\t\t\t<\/div>\n\t\t<\/div>\n\t\t\t\t\t<\/div>\n\t\t<\/section>\n\t\t\t\t\t<\/div>\n\t\t<\/div>\n\t\t\t\t<div class=\"elementor-column elementor-col-50 elementor-top-column elementor-element elementor-element-7bf47c8e elementor-hidden-tablet elementor-hidden-phone\" data-id=\"7bf47c8e\" data-element_type=\"column\">\n\t\t\t<div class=\"elementor-widget-wrap elementor-element-populated\">\n\t\t\t\t\t<div class=\"elementor-background-overlay\"><\/div>\n\t\t\t\t\t\t<div class=\"elementor-element elementor-element-4d8672a elementor-widget elementor-widget-video\" data-id=\"4d8672a\" data-element_type=\"widget\" data-settings=\"{&quot;autoplay&quot;:&quot;yes&quot;,&quot;play_on_mobile&quot;:&quot;yes&quot;,&quot;video_type&quot;:&quot;hosted&quot;,&quot;controls&quot;:&quot;yes&quot;}\" data-widget_type=\"video.default\">\n\t\t\t\t<div class=\"elementor-widget-container\">\n\t\t\t\t\t\t\t<div class=\"e-hosted-video elementor-wrapper elementor-open-inline\">\n\t\t\t\t\t<video class=\"elementor-video\" src=\"https:\/\/stscloud.com.gt\/store\/wp-content\/uploads\/2024\/11\/Melissa-Anfitriona-2.mp4\" autoplay=\"\" controls=\"\" playsinline=\"\" controlsList=\"nodownload\"><\/video>\n\t\t\t\t<\/div>\n\t\t\t\t\t\t<\/div>\n\t\t\t\t<\/div>\n\t\t\t\t\t<\/div>\n\t\t<\/div>\n\t\t\t\t\t<\/div>\n\t\t<\/section>\n\t\t\t\t<\/div>\n\t\t","protected":false},"excerpt":{"rendered":"<p>INGENIERO CARLOS ARIAS La Nube Transformando Tu Futuro Digital \ud83d\udce2 \u00bfTe interesa entender qu\u00e9 es la nube y c\u00f3mo puede revolucionar tu vida o negocio? Te invitamos a nuestro Curso de Introducci\u00f3n a la Nube: Transformando tu Futuro Digital. \ud83d\uddd3\ufe0f Fecha: Jueves 6 de febrero\u23f0 Hora: 19:00 horas\ud83d\udcbb Modalidad: En l\u00ednea (Meet)\ud83d\udcb5 Costo: $12.00 \ud83c\udf81 &hellip; <\/p>\n<p class=\"link-more\"><a href=\"https:\/\/stscloud.com.gt\/store\/producto\/curso-nube\/\" class=\"more-link\">Continue reading<span class=\"screen-reader-text\"> \u00abCurso La Nube Transformando Tu Futuro Digital\u00bb<\/span><\/a><\/p>\n","protected":false},"featured_media":1581,"template":"","meta":[],"product_brand":[],"product_cat":[42],"product_tag":[],"class_list":{"0":"post-1510","1":"product","2":"type-product","3":"status-publish","4":"has-post-thumbnail","6":"product_cat-sistemas-certificados","8":"first","9":"instock","10":"sale","11":"virtual","12":"sold-individually","13":"purchasable","14":"product-type-simple"},"jetpack_sharing_enabled":true,"_links":{"self":[{"href":"https:\/\/stscloud.com.gt\/store\/wp-json\/wp\/v2\/product\/1510","targetHints":{"allow":["GET"]}}],"collection":[{"href":"https:\/\/stscloud.com.gt\/store\/wp-json\/wp\/v2\/product"}],"about":[{"href":"https:\/\/stscloud.com.gt\/store\/wp-json\/wp\/v2\/types\/product"}],"version-history":[{"count":51,"href":"https:\/\/stscloud.com.gt\/store\/wp-json\/wp\/v2\/product\/1510\/revisions"}],"predecessor-version":[{"id":1602,"href":"https:\/\/stscloud.com.gt\/store\/wp-json\/wp\/v2\/product\/1510\/revisions\/1602"}],"wp:featuredmedia":[{"embeddable":true,"href":"https:\/\/stscloud.com.gt\/store\/wp-json\/wp\/v2\/media\/1581"}],"wp:attachment":[{"href":"https:\/\/stscloud.com.gt\/store\/wp-json\/wp\/v2\/media?parent=1510"}],"wp:term":[{"taxonomy":"product_brand","embeddable":true,"href":"https:\/\/stscloud.com.gt\/store\/wp-json\/wp\/v2\/product_brand?post=1510"},{"taxonomy":"product_cat","embeddable":true,"href":"https:\/\/stscloud.com.gt\/store\/wp-json\/wp\/v2\/product_cat?post=1510"},{"taxonomy":"product_tag","embeddable":true,"href":"https:\/\/stscloud.com.gt\/store\/wp-json\/wp\/v2\/product_tag?post=1510"}],"curies":[{"name":"wp","href":"https:\/\/api.w.org\/{rel}","templated":true}]}}