{"id":1484,"date":"2023-11-29T15:13:21","date_gmt":"2023-11-29T21:13:21","guid":{"rendered":"https:\/\/stscloud.com.gt\/store\/?post_type=product&#038;p=1484"},"modified":"2023-11-29T15:20:26","modified_gmt":"2023-11-29T21:20:26","slug":"pantalla-de-kiosko-procesador-de-6-nucleos-1-8ghz-4gb-ram-16gb-rom-wi-fi-2-4ghz-5ghz-impresora-seiko-58-o-80-mm-dos-bocinas-estereo-camara-para-reconocimiento-facial-lector-codigo-de-barras-1d-y-2d","status":"publish","type":"product","link":"https:\/\/stscloud.com.gt\/store\/producto\/pantalla-de-kiosko-procesador-de-6-nucleos-1-8ghz-4gb-ram-16gb-rom-wi-fi-2-4ghz-5ghz-impresora-seiko-58-o-80-mm-dos-bocinas-estereo-camara-para-reconocimiento-facial-lector-codigo-de-barras-1d-y-2d\/","title":{"rendered":"Pantalla de Kiosko, Procesador de 6 nucleos 1.8GHz 4GB RAM + 16GB ROM Wi-Fi 2.4GHz\/5GHz Impresora Seiko 58 \u00f3 80 mm Dos bocinas est\u00e9reo C\u00e1mara para reconocimiento facial Lector c\u00f3digo de barras 1D y 2D Pantalla multit\u00e1ctil de 24&#8243;, Pedestal basico"},"content":{"rendered":"","protected":false},"excerpt":{"rendered":"","protected":false},"featured_media":0,"template":"","meta":[],"product_brand":[],"product_cat":[15],"product_tag":[],"class_list":{"0":"post-1484","1":"product","2":"type-product","3":"status-publish","5":"product_cat-sin-categorizar","7":"first","8":"outofstock","9":"shipping-taxable","10":"purchasable","11":"product-type-simple"},"jetpack_sharing_enabled":true,"_links":{"self":[{"href":"https:\/\/stscloud.com.gt\/store\/wp-json\/wp\/v2\/product\/1484","targetHints":{"allow":["GET"]}}],"collection":[{"href":"https:\/\/stscloud.com.gt\/store\/wp-json\/wp\/v2\/product"}],"about":[{"href":"https:\/\/stscloud.com.gt\/store\/wp-json\/wp\/v2\/types\/product"}],"version-history":[{"count":0,"href":"https:\/\/stscloud.com.gt\/store\/wp-json\/wp\/v2\/product\/1484\/revisions"}],"wp:attachment":[{"href":"https:\/\/stscloud.com.gt\/store\/wp-json\/wp\/v2\/media?parent=1484"}],"wp:term":[{"taxonomy":"product_brand","embeddable":true,"href":"https:\/\/stscloud.com.gt\/store\/wp-json\/wp\/v2\/product_brand?post=1484"},{"taxonomy":"product_cat","embeddable":true,"href":"https:\/\/stscloud.com.gt\/store\/wp-json\/wp\/v2\/product_cat?post=1484"},{"taxonomy":"product_tag","embeddable":true,"href":"https:\/\/stscloud.com.gt\/store\/wp-json\/wp\/v2\/product_tag?post=1484"}],"curies":[{"name":"wp","href":"https:\/\/api.w.org\/{rel}","templated":true}]}}