{"id":1473,"date":"2023-09-03T17:31:01","date_gmt":"2023-09-03T23:31:01","guid":{"rendered":"https:\/\/stscloud.com.gt\/store\/?post_type=product&#038;p=1473"},"modified":"2024-11-19T12:35:35","modified_gmt":"2024-11-19T18:35:35","slug":"yith-point-of-sale-for-woocommerce-pos","status":"publish","type":"product","link":"https:\/\/stscloud.com.gt\/store\/producto\/yith-point-of-sale-for-woocommerce-pos\/","title":{"rendered":"SISTEMA DE PUNTO DE VENTA PARA SISTEMAS CON WOOCOMMERCE"},"content":{"rendered":"<div class=\"plugin-main-point\">Convierte tu instalaci\u00f3n de WooCommerce en una caja registradora muy f\u00e1cil de usar para cada tipo de tienda o negocio.<\/div>\n<div class=\"benefits\">\n<p><b>C\u00f3mo puedes beneficiarte de ello:<\/b><\/p>\n<ul>\n<li>Puedes sincronizar el punto de venta de tu tienda con los listados de pedidos, clientes y productos de tu tienda en l\u00ednea y viceversa. Tendr\u00e1s control absoluto sobre tu negocio.<\/li>\n<li>Puedes crear cajas registradoras virtuales para\u00a0<strong>cualquier actividad comercial<\/strong>\u00a0(tienda, bar, gimnasio y dem\u00e1s) sin tener que comprar un dispositivo y ahorrar\u00e1s en suscripciones anuales de servicios y herramientas de punto de venta m\u00e1s tradicionales.<\/li>\n<li>Puedes usar la caja registradora virtual en cualquier ordenador, pantalla t\u00e1ctil y en cualquier navegador de nueva generaci\u00f3n.<\/li>\n<\/ul>\n<div class=\"product-stats\">\u00a1Este plugin es usado por\u00a0<b><span class=\"product-users\">2,435<\/span>\u00a0clientes<\/b>, con una puntuaci\u00f3n de\u00a0<b>4.3\/5<\/b>\u00a0y un\u00a0<b>98%<\/b>\u00a0satisfacci\u00f3n de los clientes con el soporte!<\/div>\n<\/div>\n<div>1 a\u00f1o de actualizaciones y soporte<\/div>\n<div>Para comprarlo debes dar clic ac\u00e1: <a href=\"https:\/\/yithemes.com?refer_id=1167066\">https:\/\/yithemes.com?refer_id=1167066<\/a><\/div>\n","protected":false},"excerpt":{"rendered":"<p>Convierte tu instalaci\u00f3n de WooCommerce en una caja registradora muy f\u00e1cil de usar para cada tipo de tienda o negocio. C\u00f3mo puedes beneficiarte de ello: Puedes sincronizar el punto de venta de tu tienda con los listados de pedidos, clientes y productos de tu tienda en l\u00ednea y viceversa. Tendr\u00e1s control absoluto sobre tu negocio. &hellip; <\/p>\n<p class=\"link-more\"><a href=\"https:\/\/stscloud.com.gt\/store\/producto\/yith-point-of-sale-for-woocommerce-pos\/\" class=\"more-link\">Continue reading<span class=\"screen-reader-text\"> \u00abSISTEMA DE PUNTO DE VENTA PARA SISTEMAS CON WOOCOMMERCE\u00bb<\/span><\/a><\/p>\n","protected":false},"featured_media":1474,"template":"","meta":[],"product_brand":[],"product_cat":[37],"product_tag":[],"class_list":{"0":"post-1473","1":"product","2":"type-product","3":"status-publish","4":"has-post-thumbnail","6":"product_cat-comercio-electronico","8":"first","9":"instock","10":"shipping-taxable","11":"purchasable","12":"product-type-simple"},"jetpack_sharing_enabled":true,"_links":{"self":[{"href":"https:\/\/stscloud.com.gt\/store\/wp-json\/wp\/v2\/product\/1473","targetHints":{"allow":["GET"]}}],"collection":[{"href":"https:\/\/stscloud.com.gt\/store\/wp-json\/wp\/v2\/product"}],"about":[{"href":"https:\/\/stscloud.com.gt\/store\/wp-json\/wp\/v2\/types\/product"}],"version-history":[{"count":1,"href":"https:\/\/stscloud.com.gt\/store\/wp-json\/wp\/v2\/product\/1473\/revisions"}],"predecessor-version":[{"id":1564,"href":"https:\/\/stscloud.com.gt\/store\/wp-json\/wp\/v2\/product\/1473\/revisions\/1564"}],"wp:featuredmedia":[{"embeddable":true,"href":"https:\/\/stscloud.com.gt\/store\/wp-json\/wp\/v2\/media\/1474"}],"wp:attachment":[{"href":"https:\/\/stscloud.com.gt\/store\/wp-json\/wp\/v2\/media?parent=1473"}],"wp:term":[{"taxonomy":"product_brand","embeddable":true,"href":"https:\/\/stscloud.com.gt\/store\/wp-json\/wp\/v2\/product_brand?post=1473"},{"taxonomy":"product_cat","embeddable":true,"href":"https:\/\/stscloud.com.gt\/store\/wp-json\/wp\/v2\/product_cat?post=1473"},{"taxonomy":"product_tag","embeddable":true,"href":"https:\/\/stscloud.com.gt\/store\/wp-json\/wp\/v2\/product_tag?post=1473"}],"curies":[{"name":"wp","href":"https:\/\/api.w.org\/{rel}","templated":true}]}}