{"id":1452,"date":"2023-06-14T07:58:05","date_gmt":"2023-06-14T13:58:05","guid":{"rendered":"https:\/\/stscloud.com.gt\/store\/?post_type=product&#038;p=1452"},"modified":"2023-06-14T07:58:06","modified_gmt":"2023-06-14T13:58:06","slug":"plan-oro-elaboracion-de-plantilla-a-la-medida-para-poder-modificar-por-medio-de-elementor-pro-se-trabajan-disenos-a-la-medida-con-giro-a-negocio-las-imagenes-se-sacan-del-banco-de-imagenes-con-der","status":"publish","type":"product","link":"https:\/\/stscloud.com.gt\/store\/producto\/plan-oro-elaboracion-de-plantilla-a-la-medida-para-poder-modificar-por-medio-de-elementor-pro-se-trabajan-disenos-a-la-medida-con-giro-a-negocio-las-imagenes-se-sacan-del-banco-de-imagenes-con-der\/","title":{"rendered":"Plan Oro. Elaboraci\u00f3n de plantilla a la medida para poder modificar por medio de Elementor Pro. Se trabajan dise\u00f1os a la medida con giro a negocio. (las im\u00e1genes se sacan del banco de im\u00e1genes con derechos de autor)"},"content":{"rendered":"<p>Plan Oro. Elaboraci\u00f3n de plantilla a la medida para poder modificar por medio de Elementor Pro. Se trabajan dise\u00f1os a la medida con giro a negocio. (las im\u00e1genes se sacan del banco de im\u00e1genes con derechos de autor)<\/p>\n","protected":false},"excerpt":{"rendered":"<p>Plan Oro. Elaboraci\u00f3n de plantilla a la medida para poder modificar por medio de Elementor Pro. Se trabajan dise\u00f1os a la medida con giro a negocio. (las im\u00e1genes se sacan del banco de im\u00e1genes con derechos de autor)<\/p>\n","protected":false},"featured_media":0,"template":"","meta":[],"product_brand":[],"product_cat":[15],"product_tag":[],"class_list":{"0":"post-1452","1":"product","2":"type-product","3":"status-publish","5":"product_cat-sin-categorizar","7":"first","8":"instock","9":"shipping-taxable","10":"purchasable","11":"product-type-simple"},"jetpack_sharing_enabled":true,"_links":{"self":[{"href":"https:\/\/stscloud.com.gt\/store\/wp-json\/wp\/v2\/product\/1452","targetHints":{"allow":["GET"]}}],"collection":[{"href":"https:\/\/stscloud.com.gt\/store\/wp-json\/wp\/v2\/product"}],"about":[{"href":"https:\/\/stscloud.com.gt\/store\/wp-json\/wp\/v2\/types\/product"}],"version-history":[{"count":0,"href":"https:\/\/stscloud.com.gt\/store\/wp-json\/wp\/v2\/product\/1452\/revisions"}],"wp:attachment":[{"href":"https:\/\/stscloud.com.gt\/store\/wp-json\/wp\/v2\/media?parent=1452"}],"wp:term":[{"taxonomy":"product_brand","embeddable":true,"href":"https:\/\/stscloud.com.gt\/store\/wp-json\/wp\/v2\/product_brand?post=1452"},{"taxonomy":"product_cat","embeddable":true,"href":"https:\/\/stscloud.com.gt\/store\/wp-json\/wp\/v2\/product_cat?post=1452"},{"taxonomy":"product_tag","embeddable":true,"href":"https:\/\/stscloud.com.gt\/store\/wp-json\/wp\/v2\/product_tag?post=1452"}],"curies":[{"name":"wp","href":"https:\/\/api.w.org\/{rel}","templated":true}]}}