{"id":1442,"date":"2023-05-17T10:46:39","date_gmt":"2023-05-17T16:46:39","guid":{"rendered":"https:\/\/stscloud.com.gt\/store\/?post_type=product&#038;p=1442"},"modified":"2024-05-08T12:27:00","modified_gmt":"2024-05-08T18:27:00","slug":"servicio-de-alojamiento-en-la-nube-%e2%97%8f-disponibilidad-%e2%97%8f-seguridad-%e2%97%8f-certificacion-de-iso-27001-iso-27018-%e2%97%8f-tecnologia-de-la-ultima-generacion","status":"publish","type":"product","link":"https:\/\/stscloud.com.gt\/store\/producto\/servicio-de-alojamiento-en-la-nube-%e2%97%8f-disponibilidad-%e2%97%8f-seguridad-%e2%97%8f-certificacion-de-iso-27001-iso-27018-%e2%97%8f-tecnologia-de-la-ultima-generacion\/","title":{"rendered":"SERVICIO DE ALOJAMIENTO EN LA NUBE \u25cf Disponibilidad \u25cf Seguridad \u25cf certificaci\u00f3n de ISO 27001, ISO 27018 \u25cf Tecnolog\u00eda de la \u00faltima generaci\u00f3n"},"content":{"rendered":"<p>SERVICIO DE ALOJAMIENTO EN LA NUBE<br \/>\n\u25cf Disponibilidad<br \/>\n\u25cf Seguridad<br \/>\n\u25cf certificaci\u00f3n de ISO 27001, ISO 27018<br \/>\n\u25cf Tecnolog\u00eda de la \u00faltima generaci\u00f3n<\/p>\n","protected":false},"excerpt":{"rendered":"<p>SERVICIO DE ALOJAMIENTO EN LA NUBE \u25cf Disponibilidad \u25cf Seguridad \u25cf certificaci\u00f3n de ISO 27001, ISO 27018 \u25cf Tecnolog\u00eda de la \u00faltima generaci\u00f3n<\/p>\n","protected":false},"featured_media":0,"template":"","meta":[],"product_brand":[],"product_cat":[15],"product_tag":[],"class_list":{"0":"post-1442","1":"product","2":"type-product","3":"status-publish","5":"product_cat-sin-categorizar","7":"first","8":"instock","9":"shipping-taxable","10":"purchasable","11":"product-type-simple"},"jetpack_sharing_enabled":true,"_links":{"self":[{"href":"https:\/\/stscloud.com.gt\/store\/wp-json\/wp\/v2\/product\/1442","targetHints":{"allow":["GET"]}}],"collection":[{"href":"https:\/\/stscloud.com.gt\/store\/wp-json\/wp\/v2\/product"}],"about":[{"href":"https:\/\/stscloud.com.gt\/store\/wp-json\/wp\/v2\/types\/product"}],"version-history":[{"count":0,"href":"https:\/\/stscloud.com.gt\/store\/wp-json\/wp\/v2\/product\/1442\/revisions"}],"wp:attachment":[{"href":"https:\/\/stscloud.com.gt\/store\/wp-json\/wp\/v2\/media?parent=1442"}],"wp:term":[{"taxonomy":"product_brand","embeddable":true,"href":"https:\/\/stscloud.com.gt\/store\/wp-json\/wp\/v2\/product_brand?post=1442"},{"taxonomy":"product_cat","embeddable":true,"href":"https:\/\/stscloud.com.gt\/store\/wp-json\/wp\/v2\/product_cat?post=1442"},{"taxonomy":"product_tag","embeddable":true,"href":"https:\/\/stscloud.com.gt\/store\/wp-json\/wp\/v2\/product_tag?post=1442"}],"curies":[{"name":"wp","href":"https:\/\/api.w.org\/{rel}","templated":true}]}}