{"id":1265,"date":"2022-02-07T15:45:09","date_gmt":"2022-02-07T21:45:09","guid":{"rendered":"https:\/\/stscloud.com.gt\/store\/?post_type=product&#038;p=1265"},"modified":"2022-08-08T12:06:38","modified_gmt":"2022-08-08T18:06:38","slug":"paquete-fel-empresa-a-cloud","status":"publish","type":"product","link":"https:\/\/stscloud.com.gt\/store\/producto\/paquete-fel-empresa-a-cloud\/","title":{"rendered":"Paquete FEL EMPRESA-A CLOUD"},"content":{"rendered":"<ul>\n<li>1200 documentos certificados al a\u00f1o (factura electr\u00f3nica, certificaci\u00f3n SAT Guatemala)<\/li>\n<li>3 correos electr\u00f3nicos corporativos<\/li>\n<li>Sistema de productos, inventarios, clientes, puntos de venta,\u00a0 productos con im\u00e1genes<\/li>\n<li>pagina web b\u00e1sica(no incluye dise\u00f1o de im\u00e1genes ni logo, consultar por paquete adicional de dise\u00f1o)<\/li>\n<\/ul>\n","protected":false},"excerpt":{"rendered":"<ul>\n<li>Disponibilidad<\/li>\n<li>Seguridad<\/li>\n<li>certificaci\u00f3n de ISO 27001, ISO 27018<\/li>\n<li>Tecnolog\u00eda de la ultima generaci\u00f3n<\/li>\n<li>Soporte 24 horas por medio de ticket<\/li>\n<li>Copia de seguridad mensual<\/li>\n<\/ul>\n","protected":false},"featured_media":1266,"template":"","meta":[],"product_brand":[],"product_cat":[52],"product_tag":[55,59,60,58,56,57],"class_list":{"0":"post-1265","1":"product","2":"type-product","3":"status-publish","4":"has-post-thumbnail","6":"product_cat-planes-fel","7":"product_tag-certificacion-de-facturas","8":"product_tag-factura-electronica-en-guatemala","9":"product_tag-factura-electronica-sat-guagemala","10":"product_tag-facturar-electronica","11":"product_tag-sat-guatemala","12":"product_tag-sistema-para-facturar","14":"first","15":"instock","16":"sale","17":"virtual","18":"purchasable","19":"product-type-simple"},"jetpack_sharing_enabled":true,"_links":{"self":[{"href":"https:\/\/stscloud.com.gt\/store\/wp-json\/wp\/v2\/product\/1265","targetHints":{"allow":["GET"]}}],"collection":[{"href":"https:\/\/stscloud.com.gt\/store\/wp-json\/wp\/v2\/product"}],"about":[{"href":"https:\/\/stscloud.com.gt\/store\/wp-json\/wp\/v2\/types\/product"}],"version-history":[{"count":1,"href":"https:\/\/stscloud.com.gt\/store\/wp-json\/wp\/v2\/product\/1265\/revisions"}],"predecessor-version":[{"id":1400,"href":"https:\/\/stscloud.com.gt\/store\/wp-json\/wp\/v2\/product\/1265\/revisions\/1400"}],"wp:featuredmedia":[{"embeddable":true,"href":"https:\/\/stscloud.com.gt\/store\/wp-json\/wp\/v2\/media\/1266"}],"wp:attachment":[{"href":"https:\/\/stscloud.com.gt\/store\/wp-json\/wp\/v2\/media?parent=1265"}],"wp:term":[{"taxonomy":"product_brand","embeddable":true,"href":"https:\/\/stscloud.com.gt\/store\/wp-json\/wp\/v2\/product_brand?post=1265"},{"taxonomy":"product_cat","embeddable":true,"href":"https:\/\/stscloud.com.gt\/store\/wp-json\/wp\/v2\/product_cat?post=1265"},{"taxonomy":"product_tag","embeddable":true,"href":"https:\/\/stscloud.com.gt\/store\/wp-json\/wp\/v2\/product_tag?post=1265"}],"curies":[{"name":"wp","href":"https:\/\/api.w.org\/{rel}","templated":true}]}}